{"id":24,"date":"2024-02-08T19:56:03","date_gmt":"2024-02-08T22:56:03","guid":{"rendered":"https:\/\/grillasderadios.com.ar\/?page_id=24"},"modified":"2024-02-12T20:51:00","modified_gmt":"2024-02-12T23:51:00","slug":"ciudad-de-buenos-aires-domingos","status":"publish","type":"page","link":"https:\/\/grillasderadios.com.ar\/?page_id=24","title":{"rendered":"Ciudad de Buenos Aires | Domingos"},"content":{"rendered":"\n<figure class=\"wp-block-table\"><table><tbody><tr><td>06.00<\/td><td class=\"has-text-align-center\" data-align=\"center\"><img loading=\"lazy\" decoding=\"async\" width=\"105\" height=\"30\" class=\"wp-image-14\" style=\"width: 105px;\" src=\"http:\/\/grillasderadios.com.ar\/wp-content\/uploads\/2023\/12\/590-e1704040425534.png\" alt=\"\"><\/td><td>EL ANT\u00cdDOTO<\/td><td>Pablo Sigal<\/td><\/tr><tr><td><\/td><td class=\"has-text-align-center\" data-align=\"center\"><img loading=\"lazy\" decoding=\"async\" width=\"87\" height=\"30\" class=\"wp-image-27\" style=\"width: 87px;\" src=\"http:\/\/grillasderadios.com.ar\/wp-content\/uploads\/2024\/02\/0025-e1707433209135.png\" alt=\"\"><\/td><td>UN D\u00cdA DE ESTOS<\/td><td>Jorge Pizarro<\/td><\/tr><tr><td><\/td><td class=\"has-text-align-center\" data-align=\"center\"><img loading=\"lazy\" decoding=\"async\" width=\"64\" height=\"30\" class=\"wp-image-34\" style=\"width: 64px;\" src=\"http:\/\/grillasderadios.com.ar\/wp-content\/uploads\/2024\/02\/0046-e1707434594608.jpg\" alt=\"\"><\/td><td>PALABRA DE CAMPO<\/td><td>Daniel Aprile<\/td><\/tr><tr><td><\/td><td class=\"has-text-align-center\" data-align=\"center\"><img loading=\"lazy\" decoding=\"async\" width=\"76\" height=\"30\" class=\"wp-image-49\" style=\"width: 76px;\" src=\"http:\/\/grillasderadios.com.ar\/wp-content\/uploads\/2024\/02\/750-e1707499242684.png\" alt=\"\"><\/td><td>EL GATO ESCALDADO<\/td><td><\/td><\/tr><tr><td><\/td><td class=\"has-text-align-center\" data-align=\"center\"><img loading=\"lazy\" decoding=\"async\" width=\"68\" height=\"30\" class=\"wp-image-117\" style=\"width: 68px;\" src=\"http:\/\/grillasderadios.com.ar\/wp-content\/uploads\/2024\/02\/770-e1707771386108.png\" alt=\"\"><\/td><td>CLAVE CHINA<\/td><td><\/td><\/tr><tr><td><\/td><td class=\"has-text-align-center\" data-align=\"center\"><img loading=\"lazy\" decoding=\"async\" width=\"57\" height=\"30\" class=\"wp-image-41\" style=\"width: 57px;\" src=\"http:\/\/grillasderadios.com.ar\/wp-content\/uploads\/2024\/02\/0067-e1707435581209.png\" alt=\"\"><\/td><td>UN D\u00cdA POR DELANTE. EDICI\u00d3N DOMINGO<\/td><td><\/td><\/tr><tr><td><\/td><td class=\"has-text-align-center\" data-align=\"center\"><img loading=\"lazy\" decoding=\"async\" width=\"52\" height=\"30\" class=\"wp-image-79\" style=\"width: 52px;\" src=\"http:\/\/grillasderadios.com.ar\/wp-content\/uploads\/2024\/02\/0118-e1707573558237.png\" alt=\"\"><\/td><td>M\u00daSICA EN DEL PLATA<\/td><td><\/td><\/tr><tr><td><\/td><td class=\"has-text-align-center\" data-align=\"center\"><img loading=\"lazy\" decoding=\"async\" width=\"53\" height=\"30\" class=\"wp-image-91\" style=\"width: 53px;\" src=\"http:\/\/grillasderadios.com.ar\/wp-content\/uploads\/2024\/02\/0128-e1707600208579.jpg\" alt=\"\"><\/td><td>TANGO SELECCI\u00d3N<\/td><td><\/td><\/tr><tr><td>07.00<\/td><td class=\"has-text-align-center\" data-align=\"center\"><img loading=\"lazy\" decoding=\"async\" width=\"53\" height=\"30\" class=\"wp-image-103\" style=\"width: 53px;\" src=\"http:\/\/grillasderadios.com.ar\/wp-content\/uploads\/2024\/02\/0001-e1707696182716.jpg\" alt=\"\"><\/td><td>AIRE DE FIESTA<\/td><td><\/td><\/tr><tr><td><\/td><td class=\"has-text-align-center\" data-align=\"center\"><img loading=\"lazy\" decoding=\"async\" width=\"105\" height=\"30\" class=\"wp-image-14\" style=\"width: 105px;\" src=\"http:\/\/grillasderadios.com.ar\/wp-content\/uploads\/2023\/12\/590-e1704040425534.png\" alt=\"\"><\/td><td>M\u00c1S DE LO ESPERADO<\/td><td><\/td><\/tr><tr><td><\/td><td class=\"has-text-align-center\" data-align=\"center\"><img loading=\"lazy\" decoding=\"async\" width=\"64\" height=\"30\" class=\"wp-image-34\" style=\"width: 64px;\" src=\"http:\/\/grillasderadios.com.ar\/wp-content\/uploads\/2024\/02\/0046-e1707434594608.jpg\" alt=\"\"><\/td><td>SECRETO DE SUMARIO<\/td><td>Dar\u00edo Villarruel<\/td><\/tr><tr><td><\/td><td class=\"has-text-align-center\" data-align=\"center\"><img loading=\"lazy\" decoding=\"async\" width=\"68\" height=\"30\" class=\"wp-image-117\" style=\"width: 68px;\" src=\"http:\/\/grillasderadios.com.ar\/wp-content\/uploads\/2024\/02\/770-e1707771386108.png\" alt=\"\"><\/td><td>SOMOS MAYOR\u00cdA<\/td><td><\/td><\/tr><tr><td><\/td><td class=\"has-text-align-center\" data-align=\"center\"><img loading=\"lazy\" decoding=\"async\" width=\"57\" height=\"30\" class=\"wp-image-41\" style=\"width: 57px;\" src=\"http:\/\/grillasderadios.com.ar\/wp-content\/uploads\/2024\/02\/0067-e1707435581209.png\" alt=\"\"><\/td><td>MITRE Y EL CAMPO<\/td><td><\/td><\/tr><tr><td><\/td><td class=\"has-text-align-center\" data-align=\"center\"><img loading=\"lazy\" decoding=\"async\" width=\"75\" height=\"30\" class=\"wp-image-64\" style=\"width: 75px;\" src=\"http:\/\/grillasderadios.com.ar\/wp-content\/uploads\/2024\/02\/0100-e1707513135904.png\" alt=\"\"><\/td><td>CNN CAMPO<\/td><td>Mart\u00edn Melo<\/td><\/tr><tr><td>08.00<\/td><td class=\"has-text-align-center\" data-align=\"center\"><img loading=\"lazy\" decoding=\"async\" width=\"105\" height=\"30\" class=\"wp-image-14\" style=\"width: 105px;\" src=\"http:\/\/grillasderadios.com.ar\/wp-content\/uploads\/2023\/12\/590-e1704040425534.png\" alt=\"\"><\/td><td>CAMPEONES<\/td><td>Carlos Legnani<\/td><\/tr><tr><td><\/td><td class=\"has-text-align-center\" data-align=\"center\"><img loading=\"lazy\" decoding=\"async\" width=\"52\" height=\"30\" class=\"wp-image-79\" style=\"width: 52px;\" src=\"http:\/\/grillasderadios.com.ar\/wp-content\/uploads\/2024\/02\/0118-e1707573558237.png\" alt=\"\"><\/td><td>EL CAMPO CON VOS<\/td><td>Mart\u00edn Arag\u00f3n<\/td><\/tr><tr><td><\/td><td class=\"has-text-align-center\" data-align=\"center\"><img loading=\"lazy\" decoding=\"async\" width=\"53\" height=\"30\" class=\"wp-image-91\" style=\"width: 53px;\" src=\"http:\/\/grillasderadios.com.ar\/wp-content\/uploads\/2024\/02\/0128-e1707600208579.jpg\" alt=\"\"><\/td><td>PLAZA 1110<\/td><td>Mart\u00edn Leopoldo D\u00edaz<\/td><\/tr><tr><td>09.00<\/td><td class=\"has-text-align-center\" data-align=\"center\"><img loading=\"lazy\" decoding=\"async\" width=\"53\" height=\"30\" class=\"wp-image-103\" style=\"width: 53px;\" src=\"http:\/\/grillasderadios.com.ar\/wp-content\/uploads\/2024\/02\/0001-e1707696182716.jpg\" alt=\"\"><\/td><td>EL COHETE A LA LUNA<\/td><td><\/td><\/tr><tr><td><\/td><td class=\"has-text-align-center\" data-align=\"center\"><img loading=\"lazy\" decoding=\"async\" width=\"87\" height=\"30\" class=\"wp-image-27\" style=\"width: 87px;\" src=\"http:\/\/grillasderadios.com.ar\/wp-content\/uploads\/2024\/02\/0025-e1707433209135.png\" alt=\"\"><\/td><td>SI PASA, PASA<\/td><td>Ignacio Ortelli<\/td><\/tr><tr><td><\/td><td class=\"has-text-align-center\" data-align=\"center\"><img loading=\"lazy\" decoding=\"async\" width=\"76\" height=\"30\" class=\"wp-image-49\" style=\"width: 76px;\" src=\"http:\/\/grillasderadios.com.ar\/wp-content\/uploads\/2024\/02\/750-e1707499242684.png\" alt=\"\"><\/td><td>DOMINGOS DE VICTORIA<\/td><td><\/td><\/tr><tr><td><\/td><td class=\"has-text-align-center\" data-align=\"center\"><img loading=\"lazy\" decoding=\"async\" width=\"57\" height=\"30\" class=\"wp-image-41\" style=\"width: 57px;\" src=\"http:\/\/grillasderadios.com.ar\/wp-content\/uploads\/2024\/02\/0067-e1707435581209.png\" alt=\"\"><\/td><td>AIRE DE NOTICIAS<\/td><td><\/td><\/tr><tr><td><\/td><td class=\"has-text-align-center\" data-align=\"center\"><img loading=\"lazy\" decoding=\"async\" width=\"52\" height=\"30\" class=\"wp-image-79\" style=\"width: 52px;\" src=\"http:\/\/grillasderadios.com.ar\/wp-content\/uploads\/2024\/02\/0118-e1707573558237.png\" alt=\"\"><\/td><td>PUESTA A PUNTO<\/td><td><\/td><\/tr><tr><td>10.00<\/td><td class=\"has-text-align-center\" data-align=\"center\"><img loading=\"lazy\" decoding=\"async\" width=\"64\" height=\"30\" class=\"wp-image-34\" style=\"width: 64px;\" src=\"http:\/\/grillasderadios.com.ar\/wp-content\/uploads\/2024\/02\/0046-e1707434594608.jpg\" alt=\"\"><\/td><td>RELOJ DE ARENA<\/td><td>Liliana L\u00f3pez Foresi<\/td><\/tr><tr><td><\/td><td class=\"has-text-align-center\" data-align=\"center\"><img loading=\"lazy\" decoding=\"async\" width=\"57\" height=\"30\" class=\"wp-image-41\" style=\"width: 57px;\" src=\"http:\/\/grillasderadios.com.ar\/wp-content\/uploads\/2024\/02\/0067-e1707435581209.png\" alt=\"\"><\/td><td>LE DOY MI PALABRA<\/td><td><\/td><\/tr><tr><td><\/td><td class=\"has-text-align-center\" data-align=\"center\"><img loading=\"lazy\" decoding=\"async\" width=\"75\" height=\"30\" class=\"wp-image-64\" style=\"width: 75px;\" src=\"http:\/\/grillasderadios.com.ar\/wp-content\/uploads\/2024\/02\/0100-e1707513135904.png\" alt=\"\"><\/td><td>AIRE DE MA\u00d1ANA<\/td><td><\/td><\/tr><tr><td><\/td><td class=\"has-text-align-center\" data-align=\"center\"><img loading=\"lazy\" decoding=\"async\" width=\"75\" height=\"30\" class=\"wp-image-71\" style=\"width: 75px;\" src=\"http:\/\/grillasderadios.com.ar\/wp-content\/uploads\/2024\/02\/0108-e1707514014305.png\" alt=\"\"><\/td><td>PERSONALMENTE<\/td><td>Antonio Novas<\/td><\/tr><tr><td><\/td><td class=\"has-text-align-center\" data-align=\"center\"><img loading=\"lazy\" decoding=\"async\" width=\"53\" height=\"30\" class=\"wp-image-91\" style=\"width: 53px;\" src=\"http:\/\/grillasderadios.com.ar\/wp-content\/uploads\/2024\/02\/0128-e1707600208579.jpg\" alt=\"\"><\/td><td>CORRESPONSALES EN L\u00cdNEA<\/td><td><\/td><\/tr><tr><td>11.00<\/td><td class=\"has-text-align-center\" data-align=\"center\"><img loading=\"lazy\" decoding=\"async\" width=\"76\" height=\"30\" class=\"wp-image-49\" style=\"width: 76px;\" src=\"http:\/\/grillasderadios.com.ar\/wp-content\/uploads\/2024\/02\/750-e1707499242684.png\" alt=\"\"><\/td><td>DEPORTIVO 750<\/td><td><\/td><\/tr><tr><td>12.00<\/td><td class=\"has-text-align-center\" data-align=\"center\"><img loading=\"lazy\" decoding=\"async\" width=\"64\" height=\"30\" class=\"wp-image-34\" style=\"width: 64px;\" src=\"http:\/\/grillasderadios.com.ar\/wp-content\/uploads\/2024\/02\/0046-e1707434594608.jpg\" alt=\"\"><\/td><td>ROMPIENDO MOLDES<\/td><td>Juan Carlos Molina<\/td><\/tr><tr><td><\/td><td class=\"has-text-align-center\" data-align=\"center\"><img loading=\"lazy\" decoding=\"async\" width=\"57\" height=\"30\" class=\"wp-image-41\" style=\"width: 57px;\" src=\"http:\/\/grillasderadios.com.ar\/wp-content\/uploads\/2024\/02\/0067-e1707435581209.png\" alt=\"\"><\/td><td>VIVAMOS LA VIDA<\/td><td><\/td><\/tr><tr><td><\/td><td class=\"has-text-align-center\" data-align=\"center\"><img loading=\"lazy\" decoding=\"async\" width=\"53\" height=\"30\" class=\"wp-image-91\" style=\"width: 53px;\" src=\"http:\/\/grillasderadios.com.ar\/wp-content\/uploads\/2024\/02\/0128-e1707600208579.jpg\" alt=\"\"><\/td><td>HACIENDO PIE<\/td><td>Jorge Sigal<\/td><\/tr><tr><td>13.00<\/td><td class=\"has-text-align-center\" data-align=\"center\"><img loading=\"lazy\" decoding=\"async\" width=\"53\" height=\"30\" class=\"wp-image-103\" style=\"width: 53px;\" src=\"http:\/\/grillasderadios.com.ar\/wp-content\/uploads\/2024\/02\/0001-e1707696182716.jpg\" alt=\"\"><\/td><td>LA FIGURA DE LA CANCHA<\/td><td><\/td><\/tr><tr><td><\/td><td class=\"has-text-align-center\" data-align=\"center\"><img loading=\"lazy\" decoding=\"async\" width=\"76\" height=\"30\" class=\"wp-image-49\" style=\"width: 76px;\" src=\"http:\/\/grillasderadios.com.ar\/wp-content\/uploads\/2024\/02\/750-e1707499242684.png\" alt=\"\"><\/td><td>RELATORES<\/td><td><\/td><\/tr><tr><td><\/td><td class=\"has-text-align-center\" data-align=\"center\"><img loading=\"lazy\" decoding=\"async\" width=\"75\" height=\"30\" class=\"wp-image-64\" style=\"width: 75px;\" src=\"http:\/\/grillasderadios.com.ar\/wp-content\/uploads\/2024\/02\/0100-e1707513135904.png\" alt=\"\"><\/td><td>COMPA\u00d1\u00cdA DE RADIO<\/td><td>Cecilia Laratro<\/td><\/tr><tr><td><\/td><td class=\"has-text-align-center\" data-align=\"center\"><img loading=\"lazy\" decoding=\"async\" width=\"75\" height=\"30\" class=\"wp-image-71\" style=\"width: 75px;\" src=\"http:\/\/grillasderadios.com.ar\/wp-content\/uploads\/2024\/02\/0108-e1707514014305.png\" alt=\"\"><\/td><td>AVENTURA DE DOMINGO<\/td><td><\/td><\/tr><tr><td>14.00<\/td><td class=\"has-text-align-center\" data-align=\"center\"><img loading=\"lazy\" decoding=\"async\" width=\"53\" height=\"30\" class=\"wp-image-103\" style=\"width: 53px;\" src=\"http:\/\/grillasderadios.com.ar\/wp-content\/uploads\/2024\/02\/0001-e1707696182716.jpg\" alt=\"\"><\/td><td>YA ES TARDE<\/td><td><\/td><\/tr><tr><td><\/td><td class=\"has-text-align-center\" data-align=\"center\"><img loading=\"lazy\" decoding=\"async\" width=\"87\" height=\"30\" class=\"wp-image-27\" style=\"width: 87px;\" src=\"http:\/\/grillasderadios.com.ar\/wp-content\/uploads\/2024\/02\/0025-e1707433209135.png\" alt=\"\"><\/td><td>CONTACTO DIGITAL<\/td><td><\/td><\/tr><tr><td><\/td><td class=\"has-text-align-center\" data-align=\"center\"><img loading=\"lazy\" decoding=\"async\" width=\"64\" height=\"30\" class=\"wp-image-34\" style=\"width: 64px;\" src=\"http:\/\/grillasderadios.com.ar\/wp-content\/uploads\/2024\/02\/0046-e1707434594608.jpg\" alt=\"\"><\/td><td>ESQUINA DE RADIO<\/td><td>Sof\u00eda Caram<\/td><\/tr><tr><td><\/td><td class=\"has-text-align-center\" data-align=\"center\"><img loading=\"lazy\" decoding=\"async\" width=\"53\" height=\"30\" class=\"wp-image-91\" style=\"width: 53px;\" src=\"http:\/\/grillasderadios.com.ar\/wp-content\/uploads\/2024\/02\/0128-e1707600208579.jpg\" alt=\"\"><\/td><td>\u00bfPOR QU\u00c9?<\/td><td>Graciela Fern\u00e1ndez Meijide<\/td><\/tr><tr><td>14.30<\/td><td class=\"has-text-align-center\" data-align=\"center\"><img loading=\"lazy\" decoding=\"async\" width=\"52\" height=\"30\" class=\"wp-image-79\" style=\"width: 52px;\" src=\"http:\/\/grillasderadios.com.ar\/wp-content\/uploads\/2024\/02\/0118-e1707573558237.png\" alt=\"\"><\/td><td>DOMINGO RADIO<\/td><td><\/td><\/tr><tr><td>15.00<\/td><td class=\"has-text-align-center\" data-align=\"center\"><img loading=\"lazy\" decoding=\"async\" width=\"105\" height=\"30\" class=\"wp-image-14\" style=\"width: 105px;\" src=\"http:\/\/grillasderadios.com.ar\/wp-content\/uploads\/2023\/12\/590-e1704040425534.png\" alt=\"\"><\/td><td>LA ENCRUCIJADA<\/td><td><\/td><\/tr><tr><td><\/td><td class=\"has-text-align-center\" data-align=\"center\"><img loading=\"lazy\" decoding=\"async\" width=\"75\" height=\"30\" class=\"wp-image-64\" style=\"width: 75px;\" src=\"http:\/\/grillasderadios.com.ar\/wp-content\/uploads\/2024\/02\/0100-e1707513135904.png\" alt=\"\"><\/td><td>MUNDO UBA<\/td><td><\/td><\/tr><tr><td><\/td><td class=\"has-text-align-center\" data-align=\"center\"><img loading=\"lazy\" decoding=\"async\" width=\"75\" height=\"30\" class=\"wp-image-71\" style=\"width: 75px;\" src=\"http:\/\/grillasderadios.com.ar\/wp-content\/uploads\/2024\/02\/0108-e1707514014305.png\" alt=\"\"><\/td><td>F\u00daTBOL DE LOS GRANDES<\/td><td><\/td><\/tr><tr><td><\/td><td class=\"has-text-align-center\" data-align=\"center\"><img loading=\"lazy\" decoding=\"async\" width=\"53\" height=\"30\" class=\"wp-image-91\" style=\"width: 53px;\" src=\"http:\/\/grillasderadios.com.ar\/wp-content\/uploads\/2024\/02\/0128-e1707600208579.jpg\" alt=\"\"><\/td><td>AMADO MUNDO<\/td><td><\/td><\/tr><tr><td>16.00<\/td><td class=\"has-text-align-center\" data-align=\"center\"><img loading=\"lazy\" decoding=\"async\" width=\"87\" height=\"30\" class=\"wp-image-27\" style=\"width: 87px;\" src=\"http:\/\/grillasderadios.com.ar\/wp-content\/uploads\/2024\/02\/0025-e1707433209135.png\" alt=\"\"><\/td><td>NUEVA NORMALIDAD<\/td><td>Lucas Morando<\/td><\/tr><tr><td><\/td><td class=\"has-text-align-center\" data-align=\"center\"><img loading=\"lazy\" decoding=\"async\" width=\"64\" height=\"30\" class=\"wp-image-34\" style=\"width: 64px;\" src=\"http:\/\/grillasderadios.com.ar\/wp-content\/uploads\/2024\/02\/0046-e1707434594608.jpg\" alt=\"\"><\/td><td>DESDE EL CONOCIMIENTO<\/td><td><\/td><\/tr><tr><td><\/td><td class=\"has-text-align-center\" data-align=\"center\"><img loading=\"lazy\" decoding=\"async\" width=\"57\" height=\"30\" class=\"wp-image-41\" style=\"width: 57px;\" src=\"http:\/\/grillasderadios.com.ar\/wp-content\/uploads\/2024\/02\/0067-e1707435581209.png\" alt=\"\"><\/td><td>LA PREVIA<\/td><td><\/td><\/tr><tr><td><\/td><td class=\"has-text-align-center\" data-align=\"center\"><img loading=\"lazy\" decoding=\"async\" width=\"52\" height=\"30\" class=\"wp-image-79\" style=\"width: 52px;\" src=\"http:\/\/grillasderadios.com.ar\/wp-content\/uploads\/2024\/02\/0118-e1707573558237.png\" alt=\"\"><\/td><td>BOCA DE SELECCI\u00d3N<\/td><td><\/td><\/tr><tr><td>17.00<\/td><td class=\"has-text-align-center\" data-align=\"center\"><img loading=\"lazy\" decoding=\"async\" width=\"53\" height=\"30\" class=\"wp-image-103\" style=\"width: 53px;\" src=\"http:\/\/grillasderadios.com.ar\/wp-content\/uploads\/2024\/02\/0001-e1707696182716.jpg\" alt=\"\"><\/td><td>CHEQUEO GENERAL<\/td><td><\/td><\/tr><tr><td><\/td><td class=\"has-text-align-center\" data-align=\"center\"><img loading=\"lazy\" decoding=\"async\" width=\"87\" height=\"30\" class=\"wp-image-27\" style=\"width: 87px;\" src=\"http:\/\/grillasderadios.com.ar\/wp-content\/uploads\/2024\/02\/0025-e1707433209135.png\" alt=\"\"><\/td><td>SOMOS NOSOTROS<\/td><td><\/td><\/tr><tr><td><\/td><td class=\"has-text-align-center\" data-align=\"center\"><img loading=\"lazy\" decoding=\"async\" width=\"64\" height=\"30\" class=\"wp-image-34\" style=\"width: 64px;\" src=\"http:\/\/grillasderadios.com.ar\/wp-content\/uploads\/2024\/02\/0046-e1707434594608.jpg\" alt=\"\"><\/td><td>CON LA NUESTRA<\/td><td>Andr\u00e9s Lerner<\/td><\/tr><tr><td><\/td><td class=\"has-text-align-center\" data-align=\"center\"><img loading=\"lazy\" decoding=\"async\" width=\"75\" height=\"30\" class=\"wp-image-64\" style=\"width: 75px;\" src=\"http:\/\/grillasderadios.com.ar\/wp-content\/uploads\/2024\/02\/0100-e1707513135904.png\" alt=\"\"><\/td><td>LIBROS CON \u00d1<\/td><td><\/td><\/tr><tr><td>18.00<\/td><td class=\"has-text-align-center\" data-align=\"center\"><img loading=\"lazy\" decoding=\"async\" width=\"105\" height=\"30\" class=\"wp-image-14\" style=\"width: 105px;\" src=\"http:\/\/grillasderadios.com.ar\/wp-content\/uploads\/2023\/12\/590-e1704040425534.png\" alt=\"\"><\/td><td>F\u00daTBOL CONTINENTAL<\/td><td><\/td><\/tr><tr><td>19.00<\/td><td class=\"has-text-align-center\" data-align=\"center\"><img loading=\"lazy\" decoding=\"async\" width=\"75\" height=\"30\" class=\"wp-image-64\" style=\"width: 75px;\" src=\"http:\/\/grillasderadios.com.ar\/wp-content\/uploads\/2024\/02\/0100-e1707513135904.png\" alt=\"\"><\/td><td>CNN M\u00daSICA<\/td><td><\/td><\/tr><tr><td>20.00<\/td><td class=\"has-text-align-center\" data-align=\"center\"><img loading=\"lazy\" decoding=\"async\" width=\"52\" height=\"30\" class=\"wp-image-79\" style=\"width: 52px;\" src=\"http:\/\/grillasderadios.com.ar\/wp-content\/uploads\/2024\/02\/0118-e1707573558237.png\" alt=\"\"><\/td><td>ETERNAMENTE BEATLES<\/td><td><\/td><\/tr><tr><td>21.00<\/td><td class=\"has-text-align-center\" data-align=\"center\"><img loading=\"lazy\" decoding=\"async\" width=\"105\" height=\"30\" class=\"wp-image-14\" style=\"width: 105px;\" src=\"http:\/\/grillasderadios.com.ar\/wp-content\/uploads\/2023\/12\/590-e1704040425534.png\" alt=\"\"><\/td><td>SENT\u00cd ARGENTINA<\/td><td>Ricardo Seronero<\/td><\/tr><tr><td>22.00<\/td><td class=\"has-text-align-center\" data-align=\"center\"><img loading=\"lazy\" decoding=\"async\" width=\"68\" height=\"30\" class=\"wp-image-117\" style=\"width: 68px;\" src=\"http:\/\/grillasderadios.com.ar\/wp-content\/uploads\/2024\/02\/770-e1707771386108.png\" alt=\"\"><\/td><td>SOMOS BOCA<\/td><td><\/td><\/tr><tr><td>23.00<\/td><td class=\"has-text-align-center\" data-align=\"center\"><img loading=\"lazy\" decoding=\"async\" width=\"87\" height=\"30\" class=\"wp-image-27\" style=\"width: 87px;\" src=\"http:\/\/grillasderadios.com.ar\/wp-content\/uploads\/2024\/02\/0025-e1707433209135.png\" alt=\"\"><\/td><td>TE ESCUCHO<\/td><td>Luisa Delfino<\/td><\/tr><tr><td>01.00<\/td><td class=\"has-text-align-center\" data-align=\"center\"><img loading=\"lazy\" decoding=\"async\" width=\"87\" height=\"30\" class=\"wp-image-27\" style=\"width: 87px;\" src=\"http:\/\/grillasderadios.com.ar\/wp-content\/uploads\/2024\/02\/0025-e1707433209135.png\" alt=\"\"><\/td><td>MEJOR AHORA<\/td><td>Jorge Pizarro<\/td><\/tr><\/tbody><\/table><figcaption class=\"wp-element-caption\">\u00daltima actualizaci\u00f3n: 05.01.24<\/figcaption><\/figure>\n","protected":false},"excerpt":{"rendered":"<p>06.00 EL ANT\u00cdDOTO Pablo Sigal UN D\u00cdA DE ESTOS Jorge Pizarro PALABRA DE CAMPO Daniel Aprile EL GATO ESCALDADO CLAVE CHINA UN D\u00cdA POR DELANTE. EDICI\u00d3N DOMINGO M\u00daSICA EN DEL PLATA TANGO SELECCI\u00d3N 07.00 AIRE DE FIESTA M\u00c1S DE LO ESPERADO SECRETO DE SUMARIO Dar\u00edo Villarruel SOMOS MAYOR\u00cdA MITRE Y EL CAMPO CNN CAMPO Mart\u00edn &#8230; <a title=\"Ciudad de Buenos Aires | Domingos\" class=\"read-more\" href=\"https:\/\/grillasderadios.com.ar\/?page_id=24\" aria-label=\"More on Ciudad de Buenos Aires | Domingos\">Read more<\/a><\/p>\n","protected":false},"author":1,"featured_media":0,"parent":0,"menu_order":0,"comment_status":"closed","ping_status":"closed","template":"","meta":{"footnotes":""},"_links":{"self":[{"href":"https:\/\/grillasderadios.com.ar\/index.php?rest_route=\/wp\/v2\/pages\/24"}],"collection":[{"href":"https:\/\/grillasderadios.com.ar\/index.php?rest_route=\/wp\/v2\/pages"}],"about":[{"href":"https:\/\/grillasderadios.com.ar\/index.php?rest_route=\/wp\/v2\/types\/page"}],"author":[{"embeddable":true,"href":"https:\/\/grillasderadios.com.ar\/index.php?rest_route=\/wp\/v2\/users\/1"}],"replies":[{"embeddable":true,"href":"https:\/\/grillasderadios.com.ar\/index.php?rest_route=%2Fwp%2Fv2%2Fcomments&post=24"}],"version-history":[{"count":17,"href":"https:\/\/grillasderadios.com.ar\/index.php?rest_route=\/wp\/v2\/pages\/24\/revisions"}],"predecessor-version":[{"id":141,"href":"https:\/\/grillasderadios.com.ar\/index.php?rest_route=\/wp\/v2\/pages\/24\/revisions\/141"}],"wp:attachment":[{"href":"https:\/\/grillasderadios.com.ar\/index.php?rest_route=%2Fwp%2Fv2%2Fmedia&parent=24"}],"curies":[{"name":"wp","href":"https:\/\/api.w.org\/{rel}","templated":true}]}}