{"id":5,"date":"2023-12-31T12:56:26","date_gmt":"2023-12-31T15:56:26","guid":{"rendered":"https:\/\/grillasderadios.com.ar\/?page_id=5"},"modified":"2024-02-12T21:08:31","modified_gmt":"2024-02-13T00:08:31","slug":"grillas-de-radios","status":"publish","type":"page","link":"https:\/\/grillasderadios.com.ar\/","title":{"rendered":""},"content":{"rendered":"\n<figure class=\"wp-block-table\"><table><tbody><tr><td class=\"has-text-align-center\" data-align=\"center\">Ciudad de Buenos Aires<\/td><\/tr><tr><td class=\"has-text-align-center\" data-align=\"center\"><a href=\"https:\/\/grillasderadios.com.ar\/?page_id=13\" data-type=\"link\" data-id=\"https:\/\/grillasderadios.com.ar\/?page_id=13\">Lunes a Viernes<\/a><\/td><\/tr><tr><td class=\"has-text-align-center\" data-align=\"center\"><a href=\"https:\/\/grillasderadios.com.ar\/?page_id=20\" data-type=\"link\" data-id=\"https:\/\/grillasderadios.com.ar\/?page_id=20\">S\u00e1bados<\/a><\/td><\/tr><tr><td class=\"has-text-align-center\" data-align=\"center\"><a href=\"https:\/\/grillasderadios.com.ar\/?page_id=24\" data-type=\"link\" data-id=\"https:\/\/grillasderadios.com.ar\/?page_id=24\">Domingos<\/a><\/td><\/tr><\/tbody><\/table><figcaption class=\"wp-element-caption\">\u00daltima actualizaci\u00f3n: 05.01.24<\/figcaption><\/figure>\n","protected":false},"excerpt":{"rendered":"<p>Ciudad de Buenos Aires Lunes a Viernes S\u00e1bados Domingos \u00daltima actualizaci\u00f3n: 05.01.24<\/p>\n","protected":false},"author":1,"featured_media":0,"parent":0,"menu_order":0,"comment_status":"closed","ping_status":"closed","template":"","meta":{"footnotes":""},"_links":{"self":[{"href":"https:\/\/grillasderadios.com.ar\/index.php?rest_route=\/wp\/v2\/pages\/5"}],"collection":[{"href":"https:\/\/grillasderadios.com.ar\/index.php?rest_route=\/wp\/v2\/pages"}],"about":[{"href":"https:\/\/grillasderadios.com.ar\/index.php?rest_route=\/wp\/v2\/types\/page"}],"author":[{"embeddable":true,"href":"https:\/\/grillasderadios.com.ar\/index.php?rest_route=\/wp\/v2\/users\/1"}],"replies":[{"embeddable":true,"href":"https:\/\/grillasderadios.com.ar\/index.php?rest_route=%2Fwp%2Fv2%2Fcomments&post=5"}],"version-history":[{"count":6,"href":"https:\/\/grillasderadios.com.ar\/index.php?rest_route=\/wp\/v2\/pages\/5\/revisions"}],"predecessor-version":[{"id":147,"href":"https:\/\/grillasderadios.com.ar\/index.php?rest_route=\/wp\/v2\/pages\/5\/revisions\/147"}],"wp:attachment":[{"href":"https:\/\/grillasderadios.com.ar\/index.php?rest_route=%2Fwp%2Fv2%2Fmedia&parent=5"}],"curies":[{"name":"wp","href":"https:\/\/api.w.org\/{rel}","templated":true}]}}